{"id":3458,"date":"2019-09-30T14:35:15","date_gmt":"2019-09-30T14:35:15","guid":{"rendered":"https:\/\/www.atelier-kuehn-loewe.de\/?page_id=3458"},"modified":"2025-11-24T09:30:22","modified_gmt":"2025-11-24T09:30:22","slug":"wk-malerei","status":"publish","type":"page","link":"https:\/\/www.atelier-kuehn-loewe.de\/en\/wkuehn\/wk-malerei\/","title":{"rendered":"Wolfgang Kuehn &#8211; Archive Painting"},"content":{"rendered":"<div class=\"wpb-content-wrapper\"><div class=\"vc_row wpb_row vc_row-fluid\"><div class=\"wpb_column vc_column_container vc_col-sm-12\"><div class=\"vc_column-inner\"><div class=\"wpb_wrapper\"><div class=\"vc_empty_space\"   style=\"height: 64px\"><span class=\"vc_empty_space_inner\"><\/span><\/div><h2 style=\"text-align: center\" class=\"vc_custom_heading vc_do_custom_heading\" >Wolfgang Kuehn - Painting<\/h2><div id=\"ts-vcsc-image-gallery-5286359\" class=\"ts-image-gallery-wrapper ts-lightbox-nacho-frame   \" data-style=\"flipster\" data-break-parents=\"6\" data-inline=\"false\" style=\"margin-top: 0px; margin-bottom: 0px; position: relative;\"><div id=\"ts-lightbox-gallery-flipster-main-5286359\" class=\"ts-lightbox-gallery-flipster-main\"><div class=\"ts-lightbox-gallery-flipster-preloader\" style=\"height: 300px; position: relative;\"><div id=\"ts-lightbox-gallery-flipster-preloader-5286359\" class=\" ts-preloader-animation-main ts-preloader-animation-0\"><\/div><\/div><div id=\"ts-lightbox-gallery-flipster-wrapper-5286359\" class=\"ts-lightbox-gallery-flipster-wrapper ts-flipster-processing\" style=\"visibility: hidden; position: fixed; top: -99999px; left: -99999px;\"><ul id=\"ts-lightbox-gallery-flipster-holder-5286359\" class=\"ts-lightbox-gallery-flipster-holder\" data-preloader=\"true\" data-style=\"coverflow\" data-maxwidth=\"320\" data-spacing=\"-60\" data-start=\"0\" data-loop=\"true\" data-grayout=\"false\" data-mirror=\"true\" data-arrows=\"true\" data-navigation=\"false\" data-click=\"true\" data-wheel=\"false\" data-touch=\"true\" data-keyboard=\"true\" data-autoplay=\"false\" data-speed=\"2000\"><li class=\"nchgrid-item nch-lightbox-image \" data-category=\"\" style=\"max-width: 320px;\"><a id=\"nachogroup5286359-0\" href=\"https:\/\/www.atelier-kuehn-loewe.de\/wp-content\/uploads\/2022\/12\/IMG_7977.jpg\" target=\"_blank\" data-thumbnail=\"https:\/\/www.atelier-kuehn-loewe.de\/wp-content\/uploads\/2022\/12\/IMG_7977-500x500.jpg\" data-title=\"\" class=\"nch-lightbox-media ts-hover-image nachogroup5286359 nofancybox\" rel=\"nachogroup5286359\" data-effect=\"simpleSwitch\" data-nohashes=\"true\" data-usecors=\"global\" data-save=\"0\" data-share=\"0\"><\/a><div id=\"nachogroup5286359-0-parent\" class=\"nachogroup5286359-parent  ts-flipster-tile\"><img decoding=\"async\" src=\"https:\/\/www.atelier-kuehn-loewe.de\/wp-content\/uploads\/2022\/12\/IMG_7977-500x500.jpg\" alt=\"\" data-no-lazy=\"1\"><\/div><\/li><li class=\"nchgrid-item nch-lightbox-image \" data-category=\"\" style=\"max-width: 320px;\"><a id=\"nachogroup5286359-1\" href=\"https:\/\/www.atelier-kuehn-loewe.de\/wp-content\/uploads\/2022\/12\/IMG_7931.jpg\" target=\"_blank\" data-thumbnail=\"https:\/\/www.atelier-kuehn-loewe.de\/wp-content\/uploads\/2022\/12\/IMG_7931-500x500.jpg\" data-title=\"\" class=\"nch-lightbox-media ts-hover-image nachogroup5286359 nofancybox\" rel=\"nachogroup5286359\" data-effect=\"simpleSwitch\" data-nohashes=\"true\" data-usecors=\"global\" data-save=\"0\" data-share=\"0\"><\/a><div id=\"nachogroup5286359-1-parent\" class=\"nachogroup5286359-parent  ts-flipster-tile\"><img decoding=\"async\" src=\"https:\/\/www.atelier-kuehn-loewe.de\/wp-content\/uploads\/2022\/12\/IMG_7931-500x500.jpg\" alt=\"\" data-no-lazy=\"1\"><\/div><\/li><li class=\"nchgrid-item nch-lightbox-image \" data-category=\"\" style=\"max-width: 320px;\"><a id=\"nachogroup5286359-2\" href=\"https:\/\/www.atelier-kuehn-loewe.de\/wp-content\/uploads\/2022\/12\/IMG_7910.jpg\" target=\"_blank\" data-thumbnail=\"https:\/\/www.atelier-kuehn-loewe.de\/wp-content\/uploads\/2022\/12\/IMG_7910-500x500.jpg\" data-title=\"\" class=\"nch-lightbox-media ts-hover-image nachogroup5286359 nofancybox\" rel=\"nachogroup5286359\" data-effect=\"simpleSwitch\" data-nohashes=\"true\" data-usecors=\"global\" data-save=\"0\" data-share=\"0\"><\/a><div id=\"nachogroup5286359-2-parent\" class=\"nachogroup5286359-parent  ts-flipster-tile\"><img decoding=\"async\" src=\"https:\/\/www.atelier-kuehn-loewe.de\/wp-content\/uploads\/2022\/12\/IMG_7910-500x500.jpg\" alt=\"\" data-no-lazy=\"1\"><\/div><\/li><li class=\"nchgrid-item nch-lightbox-image \" data-category=\"\" style=\"max-width: 320px;\"><a id=\"nachogroup5286359-3\" href=\"https:\/\/www.atelier-kuehn-loewe.de\/wp-content\/uploads\/2022\/12\/IMG_7892.jpg\" target=\"_blank\" data-thumbnail=\"https:\/\/www.atelier-kuehn-loewe.de\/wp-content\/uploads\/2022\/12\/IMG_7892-500x500.jpg\" data-title=\"\" class=\"nch-lightbox-media ts-hover-image nachogroup5286359 nofancybox\" rel=\"nachogroup5286359\" data-effect=\"simpleSwitch\" data-usecors=\"global\" data-save=\"0\" data-share=\"0\" data-play=\"1\" data-play=\"1\" data-autoplay=\"0\" data-duration=\"5000\" data-thumbsize=\"100\" data-thumbs=\"bottom\"  data-nohashes=\"true\"><\/a><div id=\"nachogroup5286359-3-parent\" class=\"nachogroup5286359-parent  ts-flipster-tile\"><img decoding=\"async\" src=\"https:\/\/www.atelier-kuehn-loewe.de\/wp-content\/uploads\/2022\/12\/IMG_7892-500x500.jpg\" alt=\"\" data-no-lazy=\"1\"><\/div><\/li><\/ul><\/div><\/div><\/div>\n\t<div class=\"wpb_text_column wpb_content_element\" >\n\t\t<div class=\"wpb_wrapper\">\n\t\t\t<p style=\"font-weight: 400;\">Painting is more than working with a brush. Depending on the intention, a spray can, orbital sander, flex, open flame or other means are used.<\/p>\n\n\t\t<\/div>\n\t<\/div>\n<div class=\"vc_separator wpb_content_element vc_separator_align_center vc_sep_width_100 vc_sep_border_width_3 vc_sep_pos_align_center vc_separator_no_text vc_sep_color_grey wpb_content_element  wpb_content_element\" ><span class=\"vc_sep_holder vc_sep_holder_l\"><span class=\"vc_sep_line\"><\/span><\/span><span class=\"vc_sep_holder vc_sep_holder_r\"><span class=\"vc_sep_line\"><\/span><\/span>\n<\/div><\/div><\/div><\/div><\/div><div id=\"#wk_painting_actual\" class=\"vc_row wpb_row vc_row-fluid\"><div class=\"wpb_column vc_column_container vc_col-sm-12\"><div class=\"vc_column-inner\"><div class=\"wpb_wrapper\"><div class=\"vc_tta-container\" data-vc-action=\"collapseAll\"><div class=\"vc_general vc_tta vc_tta-accordion vc_tta-color-grey vc_tta-style-classic vc_tta-shape-rounded vc_tta-o-shape-group vc_tta-controls-align-default vc_tta-o-no-fill vc_tta-o-all-clickable\"><div class=\"vc_tta-panels-container\"><div class=\"vc_tta-panels\"><div class=\"vc_tta-panel vc_active\" id=\"1671526700709-ceec9575-325c\" data-vc-content=\".vc_tta-panel-body\"><div class=\"vc_tta-panel-heading\"><h4 class=\"vc_tta-panel-title vc_tta-controls-icon-position-left\"><a href=\"#1671526700709-ceec9575-325c\" data-vc-accordion data-vc-container=\".vc_tta-container\"><span class=\"vc_tta-title-text\">Current Work<\/span><i class=\"vc_tta-controls-icon vc_tta-controls-icon-plus\"><\/i><\/a><\/h4><\/div><div class=\"vc_tta-panel-body\">\n<div class=\"vc_grid-container-wrapper vc_clearfix vc_grid-animation-none\">\n\t<div class=\"vc_grid-container vc_clearfix wpb_content_element vc_basic_grid\" data-initial-loading-animation=\"none\" data-vc-grid-settings=\"{&quot;page_id&quot;:3458,&quot;style&quot;:&quot;pagination&quot;,&quot;action&quot;:&quot;vc_get_vc_grid_data&quot;,&quot;shortcode_id&quot;:&quot;1763976508235-7c4f484d-5c2e-9&quot;,&quot;items_per_page&quot;:&quot;6&quot;,&quot;auto_play&quot;:false,&quot;gap&quot;:30,&quot;speed&quot;:-1000,&quot;loop&quot;:&quot;&quot;,&quot;animation_in&quot;:&quot;&quot;,&quot;animation_out&quot;:&quot;&quot;,&quot;arrows_design&quot;:&quot;none&quot;,&quot;arrows_color&quot;:&quot;blue&quot;,&quot;arrows_position&quot;:&quot;inside&quot;,&quot;paging_design&quot;:&quot;pagination_square&quot;,&quot;paging_color&quot;:&quot;black&quot;,&quot;tag&quot;:&quot;vc_basic_grid&quot;}\" data-vc-request=\"https:\/\/www.atelier-kuehn-loewe.de\/wp-admin\/admin-ajax.php\" data-vc-post-id=\"3458\" data-vc-public-nonce=\"31aad7243e\">\n\t\t\n\t<\/div>\n<\/div>\n\t<div class=\"wpb_text_column wpb_content_element\" >\n\t\t<div class=\"wpb_wrapper\">\n\t\t\t<p style=\"font-weight: 400;\">Other works are assigned to the respective categories.<\/p>\n\n\t\t<\/div>\n\t<\/div>\n<\/div><\/div><div class=\"vc_tta-panel\" id=\"1672325123175-0691cae0-653f\" data-vc-content=\".vc_tta-panel-body\"><div class=\"vc_tta-panel-heading\"><h4 class=\"vc_tta-panel-title vc_tta-controls-icon-position-left\"><a href=\"#1672325123175-0691cae0-653f\" data-vc-accordion data-vc-container=\".vc_tta-container\"><span class=\"vc_tta-title-text\">Project - Universe (2022)<\/span><i class=\"vc_tta-controls-icon vc_tta-controls-icon-plus\"><\/i><\/a><\/h4><\/div><div class=\"vc_tta-panel-body\">\n\t<div class=\"wpb_text_column wpb_content_element\" >\n\t\t<div class=\"wpb_wrapper\">\n\t\t\t<p>The series of works are based on used aluminum offset printing plates<\/p>\n\n\t\t<\/div>\n\t<\/div>\n\n<div class=\"vc_grid-container-wrapper vc_clearfix vc_grid-animation-none\">\n\t<div class=\"vc_grid-container vc_clearfix wpb_content_element vc_basic_grid\" data-initial-loading-animation=\"none\" data-vc-grid-settings=\"{&quot;page_id&quot;:3458,&quot;style&quot;:&quot;pagination&quot;,&quot;action&quot;:&quot;vc_get_vc_grid_data&quot;,&quot;shortcode_id&quot;:&quot;1763976508236-94ebeebf-ada0-4&quot;,&quot;items_per_page&quot;:&quot;3&quot;,&quot;auto_play&quot;:false,&quot;gap&quot;:30,&quot;speed&quot;:-1000,&quot;loop&quot;:&quot;&quot;,&quot;animation_in&quot;:&quot;&quot;,&quot;animation_out&quot;:&quot;&quot;,&quot;arrows_design&quot;:&quot;none&quot;,&quot;arrows_color&quot;:&quot;blue&quot;,&quot;arrows_position&quot;:&quot;inside&quot;,&quot;paging_design&quot;:&quot;pagination_square&quot;,&quot;paging_color&quot;:&quot;black&quot;,&quot;tag&quot;:&quot;vc_basic_grid&quot;}\" data-vc-request=\"https:\/\/www.atelier-kuehn-loewe.de\/wp-admin\/admin-ajax.php\" data-vc-post-id=\"3458\" data-vc-public-nonce=\"31aad7243e\">\n\t\t\n\t<\/div>\n<\/div><\/div><\/div><div class=\"vc_tta-panel\" id=\"1672326320335-b9229235-06e5\" data-vc-content=\".vc_tta-panel-body\"><div class=\"vc_tta-panel-heading\"><h4 class=\"vc_tta-panel-title vc_tta-controls-icon-position-left\"><a href=\"#1672326320335-b9229235-06e5\" data-vc-accordion data-vc-container=\".vc_tta-container\"><span class=\"vc_tta-title-text\">Project - MagicCityPlateProject (2021)<\/span><i class=\"vc_tta-controls-icon vc_tta-controls-icon-plus\"><\/i><\/a><\/h4><\/div><div class=\"vc_tta-panel-body\">\n\t<div class=\"wpb_text_column wpb_content_element\" >\n\t\t<div class=\"wpb_wrapper\">\n\t\t\t<p style=\"font-weight: 400;\">The series of works in this project are based on used aluminum offset printing plates.<\/p>\n\n\t\t<\/div>\n\t<\/div>\n\n<div class=\"vc_grid-container-wrapper vc_clearfix vc_grid-animation-none\">\n\t<div class=\"vc_grid-container vc_clearfix wpb_content_element vc_basic_grid\" data-initial-loading-animation=\"none\" data-vc-grid-settings=\"{&quot;page_id&quot;:3458,&quot;style&quot;:&quot;pagination&quot;,&quot;action&quot;:&quot;vc_get_vc_grid_data&quot;,&quot;shortcode_id&quot;:&quot;1763976508236-955d1841-4eaf-2&quot;,&quot;items_per_page&quot;:&quot;3&quot;,&quot;auto_play&quot;:false,&quot;gap&quot;:30,&quot;speed&quot;:-1000,&quot;loop&quot;:&quot;&quot;,&quot;animation_in&quot;:&quot;&quot;,&quot;animation_out&quot;:&quot;&quot;,&quot;arrows_design&quot;:&quot;none&quot;,&quot;arrows_color&quot;:&quot;blue&quot;,&quot;arrows_position&quot;:&quot;inside&quot;,&quot;paging_design&quot;:&quot;pagination_square&quot;,&quot;paging_color&quot;:&quot;black&quot;,&quot;tag&quot;:&quot;vc_basic_grid&quot;}\" data-vc-request=\"https:\/\/www.atelier-kuehn-loewe.de\/wp-admin\/admin-ajax.php\" data-vc-post-id=\"3458\" data-vc-public-nonce=\"31aad7243e\">\n\t\t\n\t<\/div>\n<\/div><\/div><\/div><div class=\"vc_tta-panel\" id=\"1671527102908-f2147830-8213\" data-vc-content=\".vc_tta-panel-body\"><div class=\"vc_tta-panel-heading\"><h4 class=\"vc_tta-panel-title vc_tta-controls-icon-position-left\"><a href=\"#1671527102908-f2147830-8213\" data-vc-accordion data-vc-container=\".vc_tta-container\"><span class=\"vc_tta-title-text\">Project - MagicCity (2019\/2020)<\/span><i class=\"vc_tta-controls-icon vc_tta-controls-icon-plus\"><\/i><\/a><\/h4><\/div><div class=\"vc_tta-panel-body\">\n<div class=\"vc_grid-container-wrapper vc_clearfix vc_grid-animation-none\">\n\t<div class=\"vc_grid-container vc_clearfix wpb_content_element vc_basic_grid\" data-initial-loading-animation=\"none\" data-vc-grid-settings=\"{&quot;page_id&quot;:3458,&quot;style&quot;:&quot;pagination&quot;,&quot;action&quot;:&quot;vc_get_vc_grid_data&quot;,&quot;shortcode_id&quot;:&quot;1763976508236-02a6d4a7-546b-5&quot;,&quot;items_per_page&quot;:&quot;3&quot;,&quot;auto_play&quot;:false,&quot;gap&quot;:30,&quot;speed&quot;:-1000,&quot;loop&quot;:&quot;&quot;,&quot;animation_in&quot;:&quot;&quot;,&quot;animation_out&quot;:&quot;&quot;,&quot;arrows_design&quot;:&quot;none&quot;,&quot;arrows_color&quot;:&quot;blue&quot;,&quot;arrows_position&quot;:&quot;inside&quot;,&quot;paging_design&quot;:&quot;pagination_square&quot;,&quot;paging_color&quot;:&quot;black&quot;,&quot;tag&quot;:&quot;vc_basic_grid&quot;}\" data-vc-request=\"https:\/\/www.atelier-kuehn-loewe.de\/wp-admin\/admin-ajax.php\" data-vc-post-id=\"3458\" data-vc-public-nonce=\"31aad7243e\">\n\t\t\n\t<\/div>\n<\/div><\/div><\/div><div class=\"vc_tta-panel\" id=\"1671526700732-b522ae9e-b6c3\" data-vc-content=\".vc_tta-panel-body\"><div class=\"vc_tta-panel-heading\"><h4 class=\"vc_tta-panel-title vc_tta-controls-icon-position-left\"><a href=\"#1671526700732-b522ae9e-b6c3\" data-vc-accordion data-vc-container=\".vc_tta-container\"><span class=\"vc_tta-title-text\">Painting with brush and spray can<\/span><i class=\"vc_tta-controls-icon vc_tta-controls-icon-plus\"><\/i><\/a><\/h4><\/div><div class=\"vc_tta-panel-body\">\n\t<div class=\"wpb_text_column wpb_content_element\" >\n\t\t<div class=\"wpb_wrapper\">\n\t\t\t<p style=\"font-weight: 400;\">The combination of brush and spray can allows elements of abstract painting to be combined with graphically sprayed elements, thereby creating surreal, virtual spaces and worlds.<\/p>\n\n\t\t<\/div>\n\t<\/div>\n\n<div class=\"vc_grid-container-wrapper vc_clearfix vc_grid-animation-none\">\n\t<div class=\"vc_grid-container vc_clearfix wpb_content_element vc_basic_grid\" data-initial-loading-animation=\"none\" data-vc-grid-settings=\"{&quot;page_id&quot;:3458,&quot;style&quot;:&quot;pagination&quot;,&quot;action&quot;:&quot;vc_get_vc_grid_data&quot;,&quot;shortcode_id&quot;:&quot;1763976508237-8a6145fb-eb51-5&quot;,&quot;items_per_page&quot;:&quot;3&quot;,&quot;auto_play&quot;:false,&quot;gap&quot;:30,&quot;speed&quot;:-1000,&quot;loop&quot;:&quot;&quot;,&quot;animation_in&quot;:&quot;&quot;,&quot;animation_out&quot;:&quot;&quot;,&quot;arrows_design&quot;:&quot;none&quot;,&quot;arrows_color&quot;:&quot;blue&quot;,&quot;arrows_position&quot;:&quot;inside&quot;,&quot;paging_design&quot;:&quot;pagination_square&quot;,&quot;paging_color&quot;:&quot;black&quot;,&quot;tag&quot;:&quot;vc_basic_grid&quot;}\" data-vc-request=\"https:\/\/www.atelier-kuehn-loewe.de\/wp-admin\/admin-ajax.php\" data-vc-post-id=\"3458\" data-vc-public-nonce=\"31aad7243e\">\n\t\t\n\t<\/div>\n<\/div><\/div><\/div><div class=\"vc_tta-panel\" id=\"1671526859463-d4c77710-dff6\" data-vc-content=\".vc_tta-panel-body\"><div class=\"vc_tta-panel-heading\"><h4 class=\"vc_tta-panel-title vc_tta-controls-icon-position-left\"><a href=\"#1671526859463-d4c77710-dff6\" data-vc-accordion data-vc-container=\".vc_tta-container\"><span class=\"vc_tta-title-text\">Painting - Abstract<\/span><i class=\"vc_tta-controls-icon vc_tta-controls-icon-plus\"><\/i><\/a><\/h4><\/div><div class=\"vc_tta-panel-body\">\n<div class=\"vc_grid-container-wrapper vc_clearfix vc_grid-animation-none\">\n\t<div class=\"vc_grid-container vc_clearfix wpb_content_element vc_basic_grid\" data-initial-loading-animation=\"none\" data-vc-grid-settings=\"{&quot;page_id&quot;:3458,&quot;style&quot;:&quot;pagination&quot;,&quot;action&quot;:&quot;vc_get_vc_grid_data&quot;,&quot;shortcode_id&quot;:&quot;1763976508237-912bc5fe-14d3-3&quot;,&quot;items_per_page&quot;:&quot;3&quot;,&quot;auto_play&quot;:false,&quot;gap&quot;:30,&quot;speed&quot;:-1000,&quot;loop&quot;:&quot;&quot;,&quot;animation_in&quot;:&quot;&quot;,&quot;animation_out&quot;:&quot;&quot;,&quot;arrows_design&quot;:&quot;none&quot;,&quot;arrows_color&quot;:&quot;blue&quot;,&quot;arrows_position&quot;:&quot;inside&quot;,&quot;paging_design&quot;:&quot;pagination_square&quot;,&quot;paging_color&quot;:&quot;black&quot;,&quot;tag&quot;:&quot;vc_basic_grid&quot;}\" data-vc-request=\"https:\/\/www.atelier-kuehn-loewe.de\/wp-admin\/admin-ajax.php\" data-vc-post-id=\"3458\" data-vc-public-nonce=\"31aad7243e\">\n\t\t\n\t<\/div>\n<\/div><\/div><\/div><div class=\"vc_tta-panel\" id=\"1671526876586-da1aaaf4-ed98\" data-vc-content=\".vc_tta-panel-body\"><div class=\"vc_tta-panel-heading\"><h4 class=\"vc_tta-panel-title vc_tta-controls-icon-position-left\"><a href=\"#1671526876586-da1aaaf4-ed98\" data-vc-accordion data-vc-container=\".vc_tta-container\"><span class=\"vc_tta-title-text\">Painting - Landscape<\/span><i class=\"vc_tta-controls-icon vc_tta-controls-icon-plus\"><\/i><\/a><\/h4><\/div><div class=\"vc_tta-panel-body\">\n\t<div class=\"wpb_text_column wpb_content_element\" >\n\t\t<div class=\"wpb_wrapper\">\n\t\t\t<p style=\"font-weight: 400;\">Most of the works shown were created as an impression directly in the light and the atmosphere of the respective landscape on site<\/p>\n\n\t\t<\/div>\n\t<\/div>\n\n<div class=\"vc_grid-container-wrapper vc_clearfix vc_grid-animation-none\">\n\t<div class=\"vc_grid-container vc_clearfix wpb_content_element vc_basic_grid\" data-initial-loading-animation=\"none\" data-vc-grid-settings=\"{&quot;page_id&quot;:3458,&quot;style&quot;:&quot;pagination&quot;,&quot;action&quot;:&quot;vc_get_vc_grid_data&quot;,&quot;shortcode_id&quot;:&quot;1763976508237-dbbd31d0-c285-2&quot;,&quot;items_per_page&quot;:&quot;3&quot;,&quot;auto_play&quot;:false,&quot;gap&quot;:30,&quot;speed&quot;:-1000,&quot;loop&quot;:&quot;&quot;,&quot;animation_in&quot;:&quot;&quot;,&quot;animation_out&quot;:&quot;&quot;,&quot;arrows_design&quot;:&quot;none&quot;,&quot;arrows_color&quot;:&quot;blue&quot;,&quot;arrows_position&quot;:&quot;inside&quot;,&quot;paging_design&quot;:&quot;pagination_square&quot;,&quot;paging_color&quot;:&quot;black&quot;,&quot;tag&quot;:&quot;vc_basic_grid&quot;}\" data-vc-request=\"https:\/\/www.atelier-kuehn-loewe.de\/wp-admin\/admin-ajax.php\" data-vc-post-id=\"3458\" data-vc-public-nonce=\"31aad7243e\">\n\t\t\n\t<\/div>\n<\/div><\/div><\/div><div class=\"vc_tta-panel\" id=\"1671526893677-77786a2b-ff4e\" data-vc-content=\".vc_tta-panel-body\"><div class=\"vc_tta-panel-heading\"><h4 class=\"vc_tta-panel-title vc_tta-controls-icon-position-left\"><a href=\"#1671526893677-77786a2b-ff4e\" data-vc-accordion data-vc-container=\".vc_tta-container\"><span class=\"vc_tta-title-text\">Painting - Figurative<\/span><i class=\"vc_tta-controls-icon vc_tta-controls-icon-plus\"><\/i><\/a><\/h4><\/div><div class=\"vc_tta-panel-body\">\n<div class=\"vc_grid-container-wrapper vc_clearfix vc_grid-animation-none\">\n\t<div class=\"vc_grid-container vc_clearfix wpb_content_element vc_basic_grid\" data-initial-loading-animation=\"none\" data-vc-grid-settings=\"{&quot;page_id&quot;:3458,&quot;style&quot;:&quot;pagination&quot;,&quot;action&quot;:&quot;vc_get_vc_grid_data&quot;,&quot;shortcode_id&quot;:&quot;1763976508237-b75a4b3d-88e3-10&quot;,&quot;items_per_page&quot;:&quot;3&quot;,&quot;auto_play&quot;:false,&quot;gap&quot;:30,&quot;speed&quot;:-1000,&quot;loop&quot;:&quot;&quot;,&quot;animation_in&quot;:&quot;&quot;,&quot;animation_out&quot;:&quot;&quot;,&quot;arrows_design&quot;:&quot;none&quot;,&quot;arrows_color&quot;:&quot;blue&quot;,&quot;arrows_position&quot;:&quot;inside&quot;,&quot;paging_design&quot;:&quot;pagination_square&quot;,&quot;paging_color&quot;:&quot;black&quot;,&quot;tag&quot;:&quot;vc_basic_grid&quot;}\" data-vc-request=\"https:\/\/www.atelier-kuehn-loewe.de\/wp-admin\/admin-ajax.php\" data-vc-post-id=\"3458\" data-vc-public-nonce=\"31aad7243e\">\n\t\t\n\t<\/div>\n<\/div><\/div><\/div><\/div><\/div><\/div><\/div><\/div><\/div><\/div><\/div>\n<\/div>","protected":false},"excerpt":{"rendered":"{:de}Wolfgang K\u00fchn - Malerei Malerei ist f\u00fcr mich mehr als mit dem Pinsel zu arbeiten. Je nach Intention werden Spr\u00fchdose, Schwingschleifer, Flex, offene Flamme oder andere spezifische Mittel eingesetzt. Aktuelle Arbeiten Weitere Arbeiten sind den jeweiligen Kategorien zugeordnet. Projekt - Universe (2022) Die Werkreihen basieren auf gebrauchten Offset-Druckplatten aus Aluminium. Projekt - MagicCity-PlateProject (2021) Die [...]","protected":false},"author":2,"featured_media":0,"parent":2341,"menu_order":0,"comment_status":"closed","ping_status":"closed","template":"","meta":{"site-sidebar-layout":"no-sidebar","site-content-layout":"page-builder","ast-site-content-layout":"full-width-container","site-content-style":"unboxed","site-sidebar-style":"unboxed","ast-global-header-display":"","ast-banner-title-visibility":"","ast-main-header-display":"","ast-hfb-above-header-display":"","ast-hfb-below-header-display":"","ast-hfb-mobile-header-display":"","site-post-title":"disabled","ast-breadcrumbs-content":"","ast-featured-img":"disabled","footer-sml-layout":"","ast-disable-related-posts":"","theme-transparent-header-meta":"default","adv-header-id-meta":"","stick-header-meta":"","header-above-stick-meta":"","header-main-stick-meta":"","header-below-stick-meta":"","astra-migrate-meta-layouts":"set","ast-page-background-enabled":"default","ast-page-background-meta":{"desktop":{"background-color":"","background-image":"","background-repeat":"repeat","background-position":"center center","background-size":"auto","background-attachment":"scroll","background-type":"","background-media":"","overlay-type":"","overlay-color":"","overlay-opacity":"","overlay-gradient":""},"tablet":{"background-color":"","background-image":"","background-repeat":"repeat","background-position":"center center","background-size":"auto","background-attachment":"scroll","background-type":"","background-media":"","overlay-type":"","overlay-color":"","overlay-opacity":"","overlay-gradient":""},"mobile":{"background-color":"","background-image":"","background-repeat":"repeat","background-position":"center center","background-size":"auto","background-attachment":"scroll","background-type":"","background-media":"","overlay-type":"","overlay-color":"","overlay-opacity":"","overlay-gradient":""}},"ast-content-background-meta":{"desktop":{"background-color":"var(--ast-global-color-5)","background-image":"","background-repeat":"repeat","background-position":"center center","background-size":"auto","background-attachment":"scroll","background-type":"","background-media":"","overlay-type":"","overlay-color":"","overlay-opacity":"","overlay-gradient":""},"tablet":{"background-color":"var(--ast-global-color-5)","background-image":"","background-repeat":"repeat","background-position":"center center","background-size":"auto","background-attachment":"scroll","background-type":"","background-media":"","overlay-type":"","overlay-color":"","overlay-opacity":"","overlay-gradient":""},"mobile":{"background-color":"var(--ast-global-color-5)","background-image":"","background-repeat":"repeat","background-position":"center center","background-size":"auto","background-attachment":"scroll","background-type":"","background-media":"","overlay-type":"","overlay-color":"","overlay-opacity":"","overlay-gradient":""}},"footnotes":""},"class_list":["post-3458","page","type-page","status-publish","hentry"],"translation":{"provider":"WPGlobus","version":"3.0.2","language":"en","enabled_languages":["de","en"],"languages":{"de":{"title":true,"content":true,"excerpt":false},"en":{"title":true,"content":true,"excerpt":false}}},"_links":{"self":[{"href":"https:\/\/www.atelier-kuehn-loewe.de\/en\/wp-json\/wp\/v2\/pages\/3458","targetHints":{"allow":["GET"]}}],"collection":[{"href":"https:\/\/www.atelier-kuehn-loewe.de\/en\/wp-json\/wp\/v2\/pages"}],"about":[{"href":"https:\/\/www.atelier-kuehn-loewe.de\/en\/wp-json\/wp\/v2\/types\/page"}],"author":[{"embeddable":true,"href":"https:\/\/www.atelier-kuehn-loewe.de\/en\/wp-json\/wp\/v2\/users\/2"}],"replies":[{"embeddable":true,"href":"https:\/\/www.atelier-kuehn-loewe.de\/en\/wp-json\/wp\/v2\/comments?post=3458"}],"version-history":[{"count":0,"href":"https:\/\/www.atelier-kuehn-loewe.de\/en\/wp-json\/wp\/v2\/pages\/3458\/revisions"}],"up":[{"embeddable":true,"href":"https:\/\/www.atelier-kuehn-loewe.de\/en\/wp-json\/wp\/v2\/pages\/2341"}],"wp:attachment":[{"href":"https:\/\/www.atelier-kuehn-loewe.de\/en\/wp-json\/wp\/v2\/media?parent=3458"}],"curies":[{"name":"wp","href":"https:\/\/api.w.org\/{rel}","templated":true}]}}