{"id":9474,"date":"2024-12-06T21:44:52","date_gmt":"2024-12-06T21:44:52","guid":{"rendered":"https:\/\/www.atelier-kuehn-loewe.de\/?page_id=9474"},"modified":"2026-04-13T21:53:12","modified_gmt":"2026-04-13T21:53:12","slug":"nz2425_tmp","status":"publish","type":"page","link":"https:\/\/www.atelier-kuehn-loewe.de\/en\/nz2425_tmp\/","title":{"rendered":"New Zealand 2024\/25_tmp"},"content":{"rendered":"<div class=\"wpb-content-wrapper\"><div id=\"wk_new\" class=\"vc_row wpb_row vc_row-fluid\"><div class=\"wpb_column vc_column_container vc_col-sm-12\"><div class=\"vc_column-inner\"><div class=\"wpb_wrapper\"><div class=\"vc_empty_space\"   style=\"height: 32px\"><span class=\"vc_empty_space_inner\"><\/span><\/div>\n\t<div class=\"wpb_text_column wpb_content_element\" >\n\t\t<div class=\"wpb_wrapper\">\n\t\t\t<div>\n<h3><b><span lang=\"DE\">Kia Ora<\/span><\/b><\/h3>\n<p>&nbsp;<\/p>\n<\/div>\n<div>\n<p style=\"font-weight: 400;\">In unserem Travel-Blog f\u00fcr Family and Friends m\u00f6chten wir gerne ein paar Eindr\u00fccke unserer Neuseeland-Reise mit Euch teilen. Wir werden in unregelm\u00e4\u00dfigen Abst\u00e4nden ein paar Fotos und Eindr\u00fccke posten. Schaut einfach ab und zu mal rein. (Ihr k\u00f6nnt den Link aus der E-Mail immer wieder benutzen, oder Ihr speichert Euch den Link unter den Favoriten im Browser ab)<\/p>\n<p style=\"font-weight: 400;\">Wir freuen uns auf Euren Feedback, diesmal bitte \u00fcber E-Mail, Signal oder WhatsApp.<\/p>\n<p style=\"font-weight: 400;\">Viel Spa\u00df beim St\u00f6bern.<\/p>\n<p style=\"font-weight: 400;\">Ruth + Wolfgang<\/p>\n<\/div>\n\n\t\t<\/div>\n\t<\/div>\n<div class=\"vc_separator wpb_content_element vc_separator_align_center vc_sep_width_100 vc_sep_border_width_3 vc_sep_pos_align_center vc_separator_no_text vc_sep_color_grey wpb_content_element  wpb_content_element\" ><span class=\"vc_sep_holder vc_sep_holder_l\"><span class=\"vc_sep_line\"><\/span><\/span><span class=\"vc_sep_holder vc_sep_holder_r\"><span class=\"vc_sep_line\"><\/span><\/span>\n<\/div><div class=\"vc_empty_space\"   style=\"height: 32px\"><span class=\"vc_empty_space_inner\"><\/span><\/div>\n<div class=\"vc_grid-container-wrapper vc_clearfix vc_grid-animation-fadeIn\">\n\t<div class=\"vc_grid-container vc_clearfix wpb_content_element vc_basic_grid\" data-initial-loading-animation=\"fadeIn\" data-vc-grid-settings=\"{&quot;page_id&quot;:9474,&quot;style&quot;:&quot;pagination&quot;,&quot;action&quot;:&quot;vc_get_vc_grid_data&quot;,&quot;shortcode_id&quot;:&quot;1776117130528-a92e9a89-d029-4&quot;,&quot;items_per_page&quot;:&quot;6&quot;,&quot;auto_play&quot;:false,&quot;gap&quot;:30,&quot;speed&quot;:-1000,&quot;loop&quot;:&quot;&quot;,&quot;animation_in&quot;:&quot;&quot;,&quot;animation_out&quot;:&quot;&quot;,&quot;arrows_design&quot;:&quot;none&quot;,&quot;arrows_color&quot;:&quot;blue&quot;,&quot;arrows_position&quot;:&quot;inside&quot;,&quot;paging_design&quot;:&quot;pagination_square&quot;,&quot;paging_color&quot;:&quot;black&quot;,&quot;tag&quot;:&quot;vc_basic_grid&quot;}\" data-vc-request=\"https:\/\/www.atelier-kuehn-loewe.de\/wp-admin\/admin-ajax.php\" data-vc-post-id=\"9474\" data-vc-public-nonce=\"24aff4e366\">\n\t\t\n\t<\/div>\n<\/div><\/div><\/div><\/div><div class=\"wpb_column vc_column_container vc_col-sm-12\"><div class=\"vc_column-inner\"><div class=\"wpb_wrapper\"><\/div><\/div><\/div><\/div>\n<\/div>","protected":false},"excerpt":{"rendered":"Kia Ora &nbsp; In unserem Travel-Blog f\u00fcr Family and Friends m\u00f6chten wir gerne ein paar Eindr\u00fccke unserer Neuseeland-Reise mit Euch teilen. Wir werden in unregelm\u00e4\u00dfigen Abst\u00e4nden ein paar Fotos und Eindr\u00fccke posten. Schaut einfach ab und zu mal rein. (Ihr k\u00f6nnt den Link aus der E-Mail immer wieder benutzen, oder Ihr speichert Euch den Link [...]","protected":false},"author":2,"featured_media":0,"parent":0,"menu_order":0,"comment_status":"closed","ping_status":"closed","template":"","meta":{"site-sidebar-layout":"no-sidebar","site-content-layout":"plain-container","ast-site-content-layout":"normal-width-container","site-content-style":"unboxed","site-sidebar-style":"unboxed","ast-global-header-display":"","ast-banner-title-visibility":"","ast-main-header-display":"","ast-hfb-above-header-display":"","ast-hfb-below-header-display":"","ast-hfb-mobile-header-display":"","site-post-title":"","ast-breadcrumbs-content":"","ast-featured-img":"disabled","footer-sml-layout":"","ast-disable-related-posts":"","theme-transparent-header-meta":"default","adv-header-id-meta":"","stick-header-meta":"","header-above-stick-meta":"","header-main-stick-meta":"","header-below-stick-meta":"","astra-migrate-meta-layouts":"set","ast-page-background-enabled":"default","ast-page-background-meta":{"desktop":{"background-color":"","background-image":"","background-repeat":"repeat","background-position":"center center","background-size":"auto","background-attachment":"scroll","background-type":"","background-media":"","overlay-type":"","overlay-color":"","overlay-opacity":"","overlay-gradient":""},"tablet":{"background-color":"","background-image":"","background-repeat":"repeat","background-position":"center center","background-size":"auto","background-attachment":"scroll","background-type":"","background-media":"","overlay-type":"","overlay-color":"","overlay-opacity":"","overlay-gradient":""},"mobile":{"background-color":"","background-image":"","background-repeat":"repeat","background-position":"center center","background-size":"auto","background-attachment":"scroll","background-type":"","background-media":"","overlay-type":"","overlay-color":"","overlay-opacity":"","overlay-gradient":""}},"ast-content-background-meta":{"desktop":{"background-color":"var(--ast-global-color-5)","background-image":"","background-repeat":"repeat","background-position":"center center","background-size":"auto","background-attachment":"scroll","background-type":"","background-media":"","overlay-type":"","overlay-color":"","overlay-opacity":"","overlay-gradient":""},"tablet":{"background-color":"var(--ast-global-color-5)","background-image":"","background-repeat":"repeat","background-position":"center center","background-size":"auto","background-attachment":"scroll","background-type":"","background-media":"","overlay-type":"","overlay-color":"","overlay-opacity":"","overlay-gradient":""},"mobile":{"background-color":"var(--ast-global-color-5)","background-image":"","background-repeat":"repeat","background-position":"center center","background-size":"auto","background-attachment":"scroll","background-type":"","background-media":"","overlay-type":"","overlay-color":"","overlay-opacity":"","overlay-gradient":""}},"footnotes":""},"class_list":["post-9474","page","type-page","status-publish","hentry"],"translation":{"provider":"WPGlobus","version":"3.0.2","language":"en","enabled_languages":["de","en"],"languages":{"de":{"title":true,"content":true,"excerpt":false},"en":{"title":false,"content":false,"excerpt":false}}},"_links":{"self":[{"href":"https:\/\/www.atelier-kuehn-loewe.de\/en\/wp-json\/wp\/v2\/pages\/9474","targetHints":{"allow":["GET"]}}],"collection":[{"href":"https:\/\/www.atelier-kuehn-loewe.de\/en\/wp-json\/wp\/v2\/pages"}],"about":[{"href":"https:\/\/www.atelier-kuehn-loewe.de\/en\/wp-json\/wp\/v2\/types\/page"}],"author":[{"embeddable":true,"href":"https:\/\/www.atelier-kuehn-loewe.de\/en\/wp-json\/wp\/v2\/users\/2"}],"replies":[{"embeddable":true,"href":"https:\/\/www.atelier-kuehn-loewe.de\/en\/wp-json\/wp\/v2\/comments?post=9474"}],"version-history":[{"count":0,"href":"https:\/\/www.atelier-kuehn-loewe.de\/en\/wp-json\/wp\/v2\/pages\/9474\/revisions"}],"wp:attachment":[{"href":"https:\/\/www.atelier-kuehn-loewe.de\/en\/wp-json\/wp\/v2\/media?parent=9474"}],"curies":[{"name":"wp","href":"https:\/\/api.w.org\/{rel}","templated":true}]}}